{"id":940,"date":"2021-02-04T11:26:39","date_gmt":"2021-02-04T11:26:39","guid":{"rendered":"https:\/\/becarefoot.it\/patients\/?page_id=940"},"modified":"2021-02-24T18:53:33","modified_gmt":"2021-02-24T18:53:33","slug":"informativa-privacy","status":"publish","type":"page","link":"https:\/\/becarefoot.it\/patients\/informativa-privacy\/","title":{"rendered":"Informativa privacy"},"content":{"rendered":"<p><strong>Informativa <\/strong><strong>in materia di protezione dei dati personali <\/strong><strong>ai sensi degli artt. 13 e 14 del Regolamento (UE) 2016\/679<\/strong><\/p>\n<p><strong>Urgo Medical Italia S.r.l., <\/strong>con sede legale in Via G. Washington, n. 70, 20146, Milano (MI), C.F\/P.IVA09714010965, e-mail <a href=\"mailto:privacy@it.urgomedical.com\">privacy@it.urgomedical.com<\/a>, in qualit\u00e0 di <strong>Titolare del trattamento <\/strong>(di seguito, \u201c<strong>Urgo Italia\u201d <\/strong>o la \u201c<strong>Societ\u00e0<\/strong>\u201d o il<strong> \u201cTitolare\u201d<\/strong>), fornisce di seguito le informazioni comuni ai trattamenti dei dati personali effettuati nel contesto del sito dedicato alla campagna di sensibilizzazione <em>#BeCareFoot<\/em>\u00a0 &#8211; sulla diagnosi e prevenzione del \u201cpiede diabetico\u201d &#8211; e accessibile per via telematica a partire dall\u2019indirizzo: https:\/\/becarefoot.it\/ (di seguito, il \u201c<strong>Sito<\/strong>\u201d).<\/p>\n<p>La presente informativa \u00e8 valida solo per il Sito; pertanto, le informazioni riportate in questo documento non rivestono alcun valore per altri siti <em>web<\/em> eventualmente consultati tramite <em>link<\/em> ipertestuali o <em>widget<\/em> (es. <em>social network<\/em>) pubblicati nel Sito ma riferiti a risorse esterne al dominio della Societ\u00e0.<\/p>\n<p><strong style=\"font-size: 1rem\">1. Quali Dati personali vengono trattati dal Titolare nel contesto del Sito?<\/strong><\/p>\n<p>1.1. Il Titolare tratta i dati personali delle seguenti persone fisiche (identificate o identificabili) che visitano e consultano il Sito o che nell\u2019ambito dello stesso svolgono volontariamente azioni di interazione con la Societ\u00e0:<\/p>\n<p>(i) persone fisiche che nell\u2019ambito del Sito si qualificano come professionisti del settore sanitario (di seguito, gli \u201c<strong>Utenti Qualificati<\/strong>\u201d);<\/p>\n<p>(ii) tutte le altre persone fisiche che visitano il Sito diverse dagli Utenti Qualificati;<\/p>\n<p>(di seguito <em>(i)<\/em> e <em>(ii)<\/em> indicati congiuntamente come gli \u201c<strong>Utenti<\/strong>).<\/p>\n<p>1.2. In particolare, il trattamento pu\u00f2 riguardare i seguenti dati personali:<\/p>\n<p><em>a) Dati di navigazione<\/em><\/p>\n<p>Si tratta di dati personali la cui trasmissione \u00e8 implicita nell&#8217;uso dei protocolli di comunicazione di Internet e che, quindi, i sistemi informatici e le procedure <em>software<\/em> preposte al funzionamento del Sito acquisiscono di <em>default <\/em>nel corso della loro normale attivit\u00e0. Sono tali: gli indirizzi IP o i nomi a dominio dei computer e dei terminali utilizzati dagli Utenti, gli indirizzi in notazione URI\/URL (Uniform Resource Identifier\/Locator) delle risorse richieste, l&#8217;orario della richiesta, il metodo utilizzato nel sottoporre la richiesta al server, la dimensione del file ottenuto in risposta, il codice numerico indicante lo stato della risposta data dal server (buon fine, errore, <em>etc.<\/em>) e altri parametri relativi al sistema operativo e all&#8217;ambiente informatico degli Utenti;<\/p>\n<p><em>b) Dati comunicati<\/em> <em>dall\u2019Utente alla Societ\u00e0<\/em><\/p>\n<p>Si tratta di quei dati personali forniti volontariamente dall\u2019Utente che interagisce con la Societ\u00e0 attraverso il Sito mediante:<\/p>\n<ul>\n<li>l\u2019invio esplicito e spontaneo di messaggi ai recapiti del Titolare o sui social media, ai profili\/alle pagine istituzionali di quest\u2019ultimo (laddove questa possibilit\u00e0 sia prevista), che comporta l&#8217;acquisizione dei dati di contatto dell\u2019Utente necessari per rispondere alla comunicazione dell\u2019Utente, come nome, cognome e indirizzo e-mail, nonch\u00e9 di ulteriori eventuali dati personali inclusi volontariamente nelle comunicazioni dallo stesso Utente e utili alla Societ\u00e0 per gestire la richiesta di quest\u2019ultimo;<\/li>\n<li>nonch\u00e9, limitatamente agli Utenti Qualificati, la compilazione e l\u2019inoltro del <em>form<\/em> di contatto presente sul Sito nella sezione a loro riservata e che gli stessi possono utilizzare per formulare richieste in merito all\u2019organizzazione per la propria struttura di corsi personalizzati in tema di \u201cpiede diabetico\u201d; a tale fine, vengono raccolti i seguenti dati comuni: nome e cognome, qualifica professionale, indirizzo e-mail, denominazione della struttura di appartenenza, nonch\u00e9 tutte le ulteriori informazioni riportate spontaneamente dall\u2019Utente Qualificato per formulare la propria richiesta.<\/li>\n<\/ul>\n<p>Specifiche informative verranno pubblicate nelle pagine del Sito riportanti il <em>form<\/em> o predisposte per l&#8217;erogazione di determinati servizi.<\/p>\n<p>(di seguito, tutti, i \u201c<strong>Dati Personali<\/strong>\u201d).<\/p>\n<p><em>c) Cookie e altri sistemi di tracciament<\/em>o: <strong>consultare la <a href=\"https:\/\/becarefoot.it\/patients\/cookie-policy\/\">cookie policy<\/a> presente sul Sito.\u00a0<\/strong><\/p>\n<p><strong>2. Per quali Finalit\u00e0 e in forza di quali basi giuridiche il Titolare tratta i Dati Personali degli Utenti?<\/strong><\/p>\n<p><strong>\u00a0<\/strong><\/p>\n<table width=\"661\">\n<tbody>\n<tr>\n<td width=\"28\"><\/td>\n<td width=\"331\"><u>FINALITA\u2019 DEL TRATTAMENTO <\/u><\/p>\n<p>(perch\u00e9 Urgo Italia conserva i Dati Personali?)<\/td>\n<td width=\"302\"><u>BASI GIURIDICHE DEL TRATTAMENTO <\/u><\/p>\n<p>(perch\u00e9 Urgo Italia pu\u00f2 o deve conservare i Dati Personali?)<\/p>\n<p><u>\u00a0<\/u><\/td>\n<\/tr>\n<tr>\n<td width=\"28\"><strong>1.\u00a0\u00a0\u00a0\u00a0 <\/strong><\/td>\n<td width=\"331\">Adempimento di un obbligo legale connesso a disposizioni civilistiche, fiscali e amministrative, di normativa comunitaria, di norme, codici o procedure approvati da Autorit\u00e0 e altre Istituzioni competenti, nonch\u00e9 per dare seguito a richieste da parte dell&#8217;autorit\u00e0 amministrativa o giudiziaria competente e, pi\u00f9 in generale, di soggetti pubblici nel rispetto delle formalit\u00e0 di legge.<\/td>\n<td width=\"302\">Adempimento di un obbligo legale al quale \u00e8 soggetto il Titolare.<\/td>\n<\/tr>\n<tr>\n<td width=\"28\"><strong>2.\u00a0\u00a0\u00a0\u00a0 <\/strong><\/td>\n<td width=\"331\">Fare valere e difendere i propri diritti, anche mediante iniziative stragiudiziali ed anche attraverso terze parti, nonch\u00e9 prevenire e rilevare attivit\u00e0 fraudolente o l\u2019abuso del Sito (per fini potenzialmente delittuosi, come ad esempio per furti d\u2019identit\u00e0, reati informatici, <em>etc<\/em>.).<\/td>\n<td width=\"302\">Perseguimento del legittimo interesse della Societ\u00e0.<\/td>\n<\/tr>\n<tr>\n<td width=\"28\"><strong>3.\u00a0\u00a0\u00a0\u00a0 <\/strong><\/td>\n<td width=\"331\">Per le attivit\u00e0 strettamente connesse e funzionali all\u2019uso del Sito da parte degli Utenti: consentire agli Utenti di accedere al Sito e navigare in modo ottimale, visualizzare i contenuti del Sito, nonch\u00e9 per gestire (anche da un punto di vista organizzativo) le richieste pervenute attraverso il Sito.<\/td>\n<td width=\"302\">Esecuzione di misure precontrattuali adottate su richiesta dell\u2019Utente.<\/p>\n<p>&nbsp;<\/td>\n<\/tr>\n<tr>\n<td width=\"28\"><strong>4.\u00a0\u00a0\u00a0\u00a0 <\/strong><\/td>\n<td width=\"331\">Limitatamente ai dati di navigazione <em>sub punto 1.2. lett. a),<\/em> per finalit\u00e0 di sicurezza dei sistemi del Titolare e per ricavare informazioni statistiche sull\u2019uso e l\u2019attivit\u00e0 del Sito (come le pagine del Sito pi\u00f9 frequentemente visitate, il tempo medio speso per ciascuna pagina), nonch\u00e9 per controllare il corretto funzionamento del Sito.<\/td>\n<td width=\"302\">Perseguimento del legittimo interesse della Societ\u00e0.<\/td>\n<\/tr>\n<\/tbody>\n<\/table>\n<p><strong>\u00a0<\/strong><\/p>\n<p><strong>3. \u00c8 obbligatorio per l\u2019Utente rilasciare i Dati personali? Cosa succede in caso <\/strong><strong>di mancato rilascio?<\/strong><\/p>\n<p>3.1. Salvo quanto specificato per i dati di navigazione (e, nell\u2019apposita <em>policy<\/em>, per alcune tipologie di <em>cookie \u201c<\/em>necessari\u201d) che vengono raccolti di \u201c<em>default<\/em>\u201d, l\u2019utente \u00e8 libero di fornire i propri dati personali (tramite <em>form<\/em> &#8211; nelle pagine che lo consentono &#8211; o con altre modalit\u00e0 ai contatti del Titolare) per l\u2019invio di richieste di informazioni o comunque per interagire con la Societ\u00e0.<\/p>\n<p>3.2. Resta inteso che, in tale caso (cio\u00e8 qualora l\u2019Utente decida di contattare la Societ\u00e0), il mancato o parziale conferimento dei dati personali necessari per gestire la richiesta dell\u2019Utente pu\u00f2 impedire al Titolare lo svolgimento di quanto dallo stesso richiesto, nonch\u00e9 l\u2019assolvimento di eventuali obblighi connessi. \u00c8 quindi, ad esempio, necessario il conferimento di tutti i dati personali indicati nel <em>form<\/em> di contatto per l\u2019organizzazione dei corsi di formazione poich\u00e9 strumentali a consentire alla Societ\u00e0 di riscontare in modo efficiente le comunicazioni dell\u2019Utente e le relative esigenze.<\/p>\n<p><strong>4. Con quali modalit\u00e0 il Titolare Tratta i Dati Personali degli Utenti? Quali soggetti possono conoscere i Dati personali degli Utenti? <\/strong><\/p>\n<p>4.1. I Dati Personali saranno trattati a mezzo di strumenti sia manuali sia informatici esclusivamente da parte di soggetti a ci\u00f2 autorizzati ed appositamente istruiti.<\/p>\n<p>4.2. Il personale della Societ\u00e0 (dipendenti e collaboratori) svolge le operazioni di trattamento in base al proprio ruolo e mansione e secondo le istruzioni e indicazioni ricevute dal Titolare e suoi delegati.<\/p>\n<p>4.3. Per le finalit\u00e0 indicate al paragrafo<em> 2<\/em>, i Dati Personali degli Utenti potranno essere conosciuti da\/comunicati a i seguenti destinatari (che opereranno, a seconda dei casi, in qualit\u00e0 di responsabili del trattamento o titolari autonomi):<\/p>\n<ul>\n<li>gli ulteriori dipendenti e collaboratori di altre societ\u00e0 appartenenti al Gruppo Urgo e direttamente collegate alla Societ\u00e0 o da quest\u2019ultima controllate;<\/li>\n<li>terzi fornitori di servizi alla Societ\u00e0, tra cui servizi informatici, compresi quelli inerenti alla gestione e manutenzione del Sito, ai sistemi informatici, di sicurezza e di archiviazione dei dati, nonch\u00e9 contabili, amministrativi, legali, assicurativi, bancari;<\/li>\n<li>professionisti terzi incaricati per fare valere diritti, interessi, pretese della Societ\u00e0 nascenti dal rapporto con gli Utenti;<\/li>\n<li>Amministrazioni dello Stato, Autorit\u00e0 giudiziarie o amministrative, Enti pubblici e privati, anche a seguito di ispezioni e verifiche;<\/li>\n<li>soggetti che possono accedere ai dati in forza di disposizioni di legge o di normativa secondaria o comunitaria.<\/li>\n<\/ul>\n<p>4.4. Per quanto riguarda la gestione della procedura di login degli Utenti Qualificati il Titolare si avvale della piattaforma Medikey, servizio certificato per il riconoscimento dei medici italiani e per l&#8217;iscrizione ad aree web a loro riservate offerto da Edra S.p.A., che garantisce adeguati <em>standard<\/em> di sicurezza di natura tecnica e organizzativa e il rispetto della normativa privacy e di quelle speciali del settore sanitario in vigore in merito all\u2019accesso alle informazioni online.<\/p>\n<p>4.5. Gli Utenti Qualificati potranno accedere all\u2019area del Sito a loro riservata solo se in possesso delle credenziali di autenticazione alla piattaforma di certificazione Medikey; in caso contrario, dovranno registrarsi alla piattaforma (anche tramite il collegamento dalla pagina di accesso del Sito).<\/p>\n<p>4.6. In tale contesto, Edra S.p.A.\/Medikey si occupa delle attivit\u00e0 di registrazione e riconoscimento degli Utenti Qualificati, della trasmissione e amministrazione delle relative chiavi di accesso, della gestione dei permessi di accesso al Sito, nonch\u00e9 della raccolta e gestione dei loro dati personali necessari a tali fini<\/p>\n<p>4.7. Gli Utenti potranno richiedere l\u2019elenco aggiornato o informazioni aggiuntive in merito alle categorie di soggetti che possono venire a conoscenza dei propri dati personali scrivendo al Titolare ai recapiti indicati al paragrafo 8.<\/p>\n<p><strong>5. Per quanto tempo il Titolare conserva i dati personali degli Utenti? <\/strong><\/p>\n<p>5.1. I Dati Personali verranno conservati dal Titolare per il tempo strettamente necessario alla finalit\u00e0 (indicata al paragrafo n. 2 \u201c<em>Finalit\u00e0 e basi giuridiche del trattamento dei Dati Personali<\/em>\u201d) per cui sono stati raccolti, e in particolare:<\/p>\n<ul>\n<li>i dati degli Utenti indicati al punto 1.2. lett. a) (dati di navigazione) per la durata della sessione di navigazione e comunque non pi\u00f9 di sette giorni, salvo il caso di disfunzioni nei sistemi, caso in cui saranno conservati fino alla risoluzione della problematica<\/li>\n<li>i dati degli Utenti indicati al punto 1.2. lett. b) (dati comunicati): per il tempo necessario a evadere la relativa richiesta;<\/li>\n<li>i Dati Personali il cui trattamento \u00e8 necessario in rapporto ad obblighi legali, per la durata di legge;<\/li>\n<\/ul>\n<p>e comunque, in caso di insorgenza di problematiche, anomalie, contestazioni o controversie (anche non giudiziali), al massimo per un periodo pari al termine di prescrizione delle azioni rilevanti, aumentato di un periodo prudenziale di sei mesi, al fine (cui al paragrafo 2, n. 2) di assicurare il diritto di difesa della Societ\u00e0 con riferimento a possibili controversie in sede giudiziaria o amministrativa e di prevenzione dei reati.<\/p>\n<p>5.2<strong> In tutti casi, decorsi i rispettivi termini, tutti i Dati Personali verranno cancellati o resi anonimi. Resta fermo che i termini indicati potranno essere prorogati nei casi in cui i Dati Personali siano rilevanti in rapporto a contenziosi pendenti o prevedibili, per richieste delle autorit\u00e0 competenti o ai sensi della normativa applicabile.<\/strong><\/p>\n<p><strong>6. Il Titolare Trasferisce<\/strong><strong> i Dati Personali a un paese terzo?<\/strong><\/p>\n<p>Per il perseguimento delle finalit\u00e0 sopra indicate e l\u2019attuazione dell\u2019attivit\u00e0 della Societ\u00e0 e delle relative incombenze (anche organizzative della rete commerciale), \u00e8 possibile che i Dati Personali vengano trasferiti all\u2019estero, compresi i paesi al di fuori dello Spazio economico europeo (SEE); ci\u00f2 potrebbe succedere nell\u2019ambito dei rapporti che Urgo Italia intrattiene con le consociate (alcune delle quali hanno sede in Paesi Extra UE) e dello svolgimento dei servizi alla stessa forniti da soggetti terzi (per esempio di archiviazione \u201ccloud\u201d). In tali casi, il trasferimento (compreso quello infragruppo) avverr\u00e0 in conformit\u00e0 ai requisiti prescritti dalla normativa europea e quindi in presenza di condizioni tali da assicurare un livello di protezione dei Dati Personali conforme a quello richiesto dal GDPR. A tale proposito, si segnala che la Societ\u00e0 si avvale della piattaforma CRM e dei servizi in cloud di <em>Salesforce, <\/em>che ha sede e server negli Stati Uniti. Come meglio descritto nella sezione \u00a0<a href=\"https:\/\/c1.sfdcstatic.com\/content\/dam\/web\/en_us\/www\/documents\/legal\/Agreements\/EU-Data-Transfer-Mechanisms-FAQ.pdf\">\u201cTrasferimento internazionale dei dati personali generati in UE per i servizi Salesforce\u201d <\/a>della <a href=\"https:\/\/www.salesforce.com\/it\/company\/privacy\/\">Privacy Policy<\/a> del servizio, il trasferimento avviene sulla base di clausole contrattuali <em>standard <\/em>approvate dalla Commissione europea per consentire il trasferimento dei dati personali dall\u2019Europa verso Paesi Extra UEdirettamente incorporate nello specifico accordo sul trattamento dei dati (<a href=\"https:\/\/www.salesforce.com\/content\/dam\/web\/en_us\/www\/documents\/legal\/Agreements\/data-processing-addendum.pdf\">Data Processing Addendum &#8211; DPA<\/a>) adottato da Salesforce come parte integrante del contratto di servizi con i propri clienti. Salesforce ha altres\u00ec dichiarato di avere adottato le norme vincolanti d\u2019impresa (<em>Binding Corporate Rules &#8211; <\/em>BCR) per regolamentare il trasferimento di dati personali nell\u2019ambito del proprio gruppo societario.<\/p>\n<p><strong>7. Quali sono i diritti degli Utenti\/altri interessati in relazione ai propri Dati Personali?<\/strong><\/p>\n<p>7.1. Gli Utenti o altri interessati, se ne ricorrono le circostanze, potranno in qualsiasi momento e gratuitamente esercitare nei confronti di Urgo Italia i seguenti diritti:<\/p>\n<ul>\n<li><strong>Diritto di accesso<\/strong>: permette di ottenere dal Titolare la conferma che sia o meno in corso un trattamento di Dati Personali che li riguardano e, in tale caso, di ottenere l&#8217;accesso ai propri dati personali;<\/li>\n<li><strong>Diritto di rettifica<\/strong>: permette di ottenere la rettifica\/integrazione dei Dati Personali inesatti\/incompleti;<\/li>\n<li><strong>Diritto alla cancellazione<\/strong>: permette di ottenere, nei casi previsti dalla normativa, la cancellazione dei propri dati personali;<\/li>\n<li><strong>Diritto di limitazione di trattamento<\/strong>: permette di ottenere, nei casi previsti dall&#8217;art. 18, paragrafo 1 del GDPR, la limitazione (cio\u00e8 il contrassegno dei dati personali conservati con l&#8217;obiettivo di limitarne il trattamento in futuro) del trattamento dei propri dati personali;<\/li>\n<li><strong>Diritto alla portabilit\u00e0 dei dati<\/strong>: nelle ipotesi in cui il trattamento sia effettuato con mezzi automatizzati sulla base giuridica del contratto o del consenso, permette di ricevere in un formato strutturato, di uso comune e leggibile da dispositivo automatico, limitatamente ai dati forniti al Titolare, i dati personali che li riguardano e analogamente il diritto di trasmettere tali dati a un altro titolare del trattamento.<\/li>\n<\/ul>\n<p>7.2. Gli Utenti o altri interessati hanno altres\u00ec il diritto <strong>di opporsi<\/strong>, in qualsiasi momento, per motivi connessi alla propria situazione particolare, al trattamento dei propri Dati Personali per le finalit\u00e0 descritte al paragrafo 2, n. 2 e n. 4.<\/p>\n<p>7.3. Inoltre, gli Utenti o altri interessati che ritengono che il trattamento dei Dati Personali a loro riferiti effettuato attraverso questo Sito avvenga in violazione di quanto previsto dal GDPR hanno diritto <strong>di proporre reclamo<\/strong> all\u2019Autorit\u00e0 nazionale di supervisione dello stato membro dell\u2019Unione Europea in cui l\u2019Interessato ha la propria residenza abituale o luogo di lavoro od ove sia avvenuta l\u2019asserita violazione del suo diritto (nel caso tale Stato sia l\u2019Italia, il soggetto cui potr\u00e0 rivolgersi \u00e8 l\u2019Autorit\u00e0 Garante per la protezione dei dati personali) <strong>o di adire le opportune sedi giudiziarie<\/strong> (art. 79 del GDPR).<\/p>\n<p><strong>8. Come contattare il Titolare?<\/strong><\/p>\n<p>Per esercitare i propri diritti nei confronti del Titolare o per richiedere informazioni, gli Utenti o altri interessati potranno contattare il Titolare:<\/p>\n<ul>\n<li>a mezzo posta presso la sede legale della Societ\u00e0: Via G. Washington, n. 70, 20146, Milano (MI);<\/li>\n<li>via e-mail alla casella di posta: <a href=\"mailto:privacy@it.urgomedical.com\">privacy@it.urgomedical.com<\/a>.<\/li>\n<\/ul>\n","protected":false},"excerpt":{"rendered":"<p>Informativa in materia di protezione dei dati personali ai sensi degli artt. 13 e 14 del Regolamento (UE) 2016\/679 Urgo Medical Italia S.r.l., con sede legale in Via G. Washington, n. 70, 20146, Milano (MI), C.F\/P.IVA09714010965, e-mail privacy@it.urgomedical.com, in qualit\u00e0 di Titolare del trattamento (di seguito, \u201cUrgo Italia\u201d o la \u201cSociet\u00e0\u201d o il \u201cTitolare\u201d), fornisce &hellip; <\/p>\n<p class=\"link-more\"><a href=\"https:\/\/becarefoot.it\/patients\/informativa-privacy\/\" class=\"more-link\">Continue reading<span class=\"screen-reader-text\"> &#8220;Informativa privacy&#8221;<\/span><\/a><\/p>\n","protected":false},"author":1,"featured_media":0,"parent":0,"menu_order":5,"comment_status":"closed","ping_status":"closed","template":"","meta":{"_seopress_robots_primary_cat":"","_seopress_titles_title":"","_seopress_titles_desc":"","_seopress_robots_index":"","footnotes":""},"class_list":["post-940","page","type-page","status-publish","hentry"],"_links":{"self":[{"href":"https:\/\/becarefoot.it\/patients\/wp-json\/wp\/v2\/pages\/940","targetHints":{"allow":["GET"]}}],"collection":[{"href":"https:\/\/becarefoot.it\/patients\/wp-json\/wp\/v2\/pages"}],"about":[{"href":"https:\/\/becarefoot.it\/patients\/wp-json\/wp\/v2\/types\/page"}],"author":[{"embeddable":true,"href":"https:\/\/becarefoot.it\/patients\/wp-json\/wp\/v2\/users\/1"}],"replies":[{"embeddable":true,"href":"https:\/\/becarefoot.it\/patients\/wp-json\/wp\/v2\/comments?post=940"}],"version-history":[{"count":2,"href":"https:\/\/becarefoot.it\/patients\/wp-json\/wp\/v2\/pages\/940\/revisions"}],"predecessor-version":[{"id":959,"href":"https:\/\/becarefoot.it\/patients\/wp-json\/wp\/v2\/pages\/940\/revisions\/959"}],"wp:attachment":[{"href":"https:\/\/becarefoot.it\/patients\/wp-json\/wp\/v2\/media?parent=940"}],"curies":[{"name":"wp","href":"https:\/\/api.w.org\/{rel}","templated":true}]}}